{"id":3040,"date":"2025-09-19T16:16:01","date_gmt":"2025-09-19T14:16:01","guid":{"rendered":"https:\/\/www.limoncello.com\/?page_id=3040"},"modified":"2025-09-19T16:49:11","modified_gmt":"2025-09-19T14:49:11","slug":"die-barrierefreiheit","status":"publish","type":"page","link":"https:\/\/www.limoncello.com\/de\/die-barrierefreiheit\/","title":{"rendered":"Die Barrierefreiheit"},"content":{"rendered":"<p><div class=\"fusion-bg-parallax\" data-bg-align=\"center center\" data-direction=\"down\" data-mute=\"false\" data-opacity=\"100\" data-velocity=\"-0.1\" data-mobile-enabled=\"true\" data-break_parents=\"0\" data-bg-image=\"https:\/\/www.limoncello.com\/wp-content\/uploads\/2021\/12\/Bitmap-Copy-scaled.jpg\" data-bg-repeat=\"false\" ><\/div><div class=\"fusion-fullwidth fullwidth-box fusion-builder-row-1 fusion-flex-container fusion-parallax-down hundred-percent-fullwidth non-hundred-percent-height-scrolling fusion-animated\" style=\"--awb-border-radius-top-left:0px;--awb-border-radius-top-right:0px;--awb-border-radius-bottom-right:0px;--awb-border-radius-bottom-left:0px;--awb-background-image:url(&quot;https:\/\/www.limoncello.com\/wp-content\/uploads\/2021\/12\/Bitmap-Copy-scaled.jpg&quot;);--awb-background-size:cover;--awb-flex-wrap:wrap;\" data-animationType=\"fadeIn\" data-animationDuration=\"2.0\" data-animationOffset=\"top-into-view\" id=\"hero-top-contatti\" ><div class=\"fusion-builder-row fusion-row fusion-flex-align-items-flex-start fusion-flex-content-wrap\" style=\"width:104% !important;max-width:104% !important;margin-left: calc(-4% \/ 2 );margin-right: calc(-4% \/ 2 );\"><\/div><\/div>\n<div class=\"fusion-fullwidth fullwidth-box fusion-builder-row-2 fusion-flex-container has-pattern-background has-mask-background nonhundred-percent-fullwidth non-hundred-percent-height-scrolling\" style=\"--awb-border-radius-top-left:0px;--awb-border-radius-top-right:0px;--awb-border-radius-bottom-right:0px;--awb-border-radius-bottom-left:0px;--awb-overflow:scroll;--awb-padding-top-medium:140px;--awb-padding-top-small:140px;--awb-flex-wrap:wrap;\" ><div class=\"fusion-builder-row fusion-row fusion-flex-align-items-flex-start fusion-flex-content-wrap\" style=\"max-width:1248px;margin-left: calc(-4% \/ 2 );margin-right: calc(-4% \/ 2 );\"><div class=\"fusion-layout-column fusion_builder_column fusion-builder-column-0 fusion_builder_column_1_1 1_1 fusion-flex-column\" style=\"--awb-bg-size:cover;--awb-width-large:100%;--awb-margin-top-large:0px;--awb-spacing-right-large:1.92%;--awb-margin-bottom-large:20px;--awb-spacing-left-large:1.92%;--awb-width-medium:100%;--awb-order-medium:0;--awb-spacing-right-medium:1.92%;--awb-spacing-left-medium:1.92%;--awb-width-small:100%;--awb-order-small:0;--awb-spacing-right-small:1.92%;--awb-spacing-left-small:1.92%;\"><div class=\"fusion-column-wrapper fusion-column-has-shadow fusion-flex-justify-content-flex-start fusion-content-layout-column\"><div class=\"fusion-title title fusion-title-1 fusion-sep-none fusion-title-text fusion-title-size-one\" style=\"--awb-margin-top-small:10px;--awb-margin-right-small:0px;--awb-margin-bottom-small:10px;--awb-margin-left-small:0px;\"><h1 class=\"fusion-title-heading title-heading-left fusion-responsive-typography-calculated\" style=\"margin:0;--fontSize:75;line-height:1.23;\">Die Barrierefreiheit<\/h1><\/div><div class=\"fusion-text fusion-text-1\"><p>Die Barrierefreiheit einer Website besteht darin, sie f\u00fcr jeden ohne Schwierigkeiten nutzbar zu machen und einen einfachen Zugang zu allen angebotenen Inhalten und Dienstleistungen zu gew\u00e4hrleisten. Um dieses Ziel zu erreichen, ist es notwendig, verschiedene Barrieren zu beseitigen, wie:<\/p>\n<ul>\n<li><strong>Farben:<\/strong> Angemessene Farbwahl durch die Verwendung eines hohen Kontrasts zwischen Text und Hintergrund.<\/li>\n<li><strong>Texte:<\/strong> Angemessene Gr\u00f6\u00dfen f\u00fcr ein einfaches Lesen.<\/li>\n<li><strong>Sprache:<\/strong> Einfachheit in der Sprache f\u00fcr ein leichtes Verst\u00e4ndnis f\u00fcr alle.<\/li>\n<li><strong>Assistive Technologien:<\/strong> Kompatibilit\u00e4t mit assistiven Technologien.<\/li>\n<\/ul>\n<h2>Die Barrierefreiheitserkl\u00e4rung<\/h2>\n<p>In \u00dcbereinstimmung mit dem Gesetz Nr. 4 vom 9. Januar 2004 verpflichten wir uns, unsere digitalen Dienste und Kan\u00e4le f\u00fcr alle zug\u00e4nglich zu machen und dabei die Richtlinien f\u00fcr Barrierefreiheit und Inklusion zu beachten. Zu diesem Zweck l\u00e4uft eine schrittweise \u00dcberpr\u00fcfung zur Korrektur eventueller Barrierefreiheitsfehler.<\/p>\n<p>F\u00fcr weitere Einzelheiten zu den unternommenen Initiativen k\u00f6nnen Sie die Barrierefreiheitserkl\u00e4rung herunterladen:<\/p>\n<p><a title=\"Barrierefreiheitserkl\u00e4rung\" target=\"_blank\" href=\"https:\/\/www.limoncello.com\/wp-content\/uploads\/2025\/09\/DichiarazioneAccessibilitaLimoncello_DE.pdf\">Barrierefreiheitserkl\u00e4rung (PDF-Format)<\/a><\/p>\n<\/div><\/div><\/div><\/div><\/div><\/p>\n","protected":false},"excerpt":{"rendered":"","protected":false},"author":7,"featured_media":0,"parent":0,"menu_order":0,"comment_status":"closed","ping_status":"closed","template":"100-width.php","meta":{"footnotes":""},"class_list":["post-3040","page","type-page","status-publish","hentry"],"acf":[],"yoast_head":"<!-- This site is optimized with the Yoast SEO plugin v27.3 - https:\/\/yoast.com\/product\/yoast-seo-wordpress\/ -->\n<title>Die Barrierefreiheit - Limoncello DICAPRI<\/title>\n<meta name=\"robots\" content=\"index, follow, max-snippet:-1, max-image-preview:large, max-video-preview:-1\" \/>\n<link rel=\"canonical\" href=\"https:\/\/www.limoncello.com\/de\/die-barrierefreiheit\/\" \/>\n<meta property=\"og:locale\" content=\"de_DE\" \/>\n<meta property=\"og:type\" content=\"article\" \/>\n<meta property=\"og:title\" content=\"Die Barrierefreiheit - Limoncello DICAPRI\" \/>\n<meta property=\"og:url\" content=\"https:\/\/www.limoncello.com\/de\/die-barrierefreiheit\/\" \/>\n<meta property=\"og:site_name\" content=\"Limoncello DICAPRI\" \/>\n<meta property=\"article:modified_time\" content=\"2025-09-19T14:49:11+00:00\" \/>\n<meta property=\"og:image\" content=\"https:\/\/www.limoncello.com\/wp-content\/uploads\/2022\/02\/5_gallery.jpg\" \/>\n\t<meta property=\"og:image:width\" content=\"2360\" \/>\n\t<meta property=\"og:image:height\" content=\"1400\" \/>\n\t<meta property=\"og:image:type\" content=\"image\/jpeg\" \/>\n<meta name=\"twitter:card\" content=\"summary_large_image\" \/>\n<meta name=\"twitter:label1\" content=\"Gesch\u00e4tzte Lesezeit\" \/>\n\t<meta name=\"twitter:data1\" content=\"1\u00a0Minute\" \/>\n<script type=\"application\/ld+json\" class=\"yoast-schema-graph\">{\"@context\":\"https:\\\/\\\/schema.org\",\"@graph\":[{\"@type\":\"WebPage\",\"@id\":\"https:\\\/\\\/www.limoncello.com\\\/de\\\/die-barrierefreiheit\\\/\",\"url\":\"https:\\\/\\\/www.limoncello.com\\\/de\\\/die-barrierefreiheit\\\/\",\"name\":\"Die Barrierefreiheit - Limoncello DICAPRI\",\"isPartOf\":{\"@id\":\"https:\\\/\\\/www.limoncello.com\\\/de\\\/#website\"},\"datePublished\":\"2025-09-19T14:16:01+00:00\",\"dateModified\":\"2025-09-19T14:49:11+00:00\",\"breadcrumb\":{\"@id\":\"https:\\\/\\\/www.limoncello.com\\\/de\\\/die-barrierefreiheit\\\/#breadcrumb\"},\"inLanguage\":\"de\",\"potentialAction\":[{\"@type\":\"ReadAction\",\"target\":[\"https:\\\/\\\/www.limoncello.com\\\/de\\\/die-barrierefreiheit\\\/\"]}]},{\"@type\":\"BreadcrumbList\",\"@id\":\"https:\\\/\\\/www.limoncello.com\\\/de\\\/die-barrierefreiheit\\\/#breadcrumb\",\"itemListElement\":[{\"@type\":\"ListItem\",\"position\":1,\"name\":\"Home\",\"item\":\"https:\\\/\\\/www.limoncello.com\\\/de\\\/\"},{\"@type\":\"ListItem\",\"position\":2,\"name\":\"Die Barrierefreiheit\"}]},{\"@type\":\"WebSite\",\"@id\":\"https:\\\/\\\/www.limoncello.com\\\/de\\\/#website\",\"url\":\"https:\\\/\\\/www.limoncello.com\\\/de\\\/\",\"name\":\"Limoncello DICAPRI\",\"description\":\"Tutta la magia dell&#039;isola in un sorso\",\"potentialAction\":[{\"@type\":\"SearchAction\",\"target\":{\"@type\":\"EntryPoint\",\"urlTemplate\":\"https:\\\/\\\/www.limoncello.com\\\/de\\\/?s={search_term_string}\"},\"query-input\":{\"@type\":\"PropertyValueSpecification\",\"valueRequired\":true,\"valueName\":\"search_term_string\"}}],\"inLanguage\":\"de\"}]}<\/script>\n<!-- \/ Yoast SEO plugin. -->","yoast_head_json":{"title":"Die Barrierefreiheit - Limoncello DICAPRI","robots":{"index":"index","follow":"follow","max-snippet":"max-snippet:-1","max-image-preview":"max-image-preview:large","max-video-preview":"max-video-preview:-1"},"canonical":"https:\/\/www.limoncello.com\/de\/die-barrierefreiheit\/","og_locale":"de_DE","og_type":"article","og_title":"Die Barrierefreiheit - Limoncello DICAPRI","og_url":"https:\/\/www.limoncello.com\/de\/die-barrierefreiheit\/","og_site_name":"Limoncello DICAPRI","article_modified_time":"2025-09-19T14:49:11+00:00","og_image":[{"width":2360,"height":1400,"url":"https:\/\/www.limoncello.com\/wp-content\/uploads\/2022\/02\/5_gallery.jpg","type":"image\/jpeg"}],"twitter_card":"summary_large_image","twitter_misc":{"Gesch\u00e4tzte Lesezeit":"1\u00a0Minute"},"schema":{"@context":"https:\/\/schema.org","@graph":[{"@type":"WebPage","@id":"https:\/\/www.limoncello.com\/de\/die-barrierefreiheit\/","url":"https:\/\/www.limoncello.com\/de\/die-barrierefreiheit\/","name":"Die Barrierefreiheit - Limoncello DICAPRI","isPartOf":{"@id":"https:\/\/www.limoncello.com\/de\/#website"},"datePublished":"2025-09-19T14:16:01+00:00","dateModified":"2025-09-19T14:49:11+00:00","breadcrumb":{"@id":"https:\/\/www.limoncello.com\/de\/die-barrierefreiheit\/#breadcrumb"},"inLanguage":"de","potentialAction":[{"@type":"ReadAction","target":["https:\/\/www.limoncello.com\/de\/die-barrierefreiheit\/"]}]},{"@type":"BreadcrumbList","@id":"https:\/\/www.limoncello.com\/de\/die-barrierefreiheit\/#breadcrumb","itemListElement":[{"@type":"ListItem","position":1,"name":"Home","item":"https:\/\/www.limoncello.com\/de\/"},{"@type":"ListItem","position":2,"name":"Die Barrierefreiheit"}]},{"@type":"WebSite","@id":"https:\/\/www.limoncello.com\/de\/#website","url":"https:\/\/www.limoncello.com\/de\/","name":"Limoncello DICAPRI","description":"Tutta la magia dell&#039;isola in un sorso","potentialAction":[{"@type":"SearchAction","target":{"@type":"EntryPoint","urlTemplate":"https:\/\/www.limoncello.com\/de\/?s={search_term_string}"},"query-input":{"@type":"PropertyValueSpecification","valueRequired":true,"valueName":"search_term_string"}}],"inLanguage":"de"}]}},"_links":{"self":[{"href":"https:\/\/www.limoncello.com\/de\/wp-json\/wp\/v2\/pages\/3040","targetHints":{"allow":["GET"]}}],"collection":[{"href":"https:\/\/www.limoncello.com\/de\/wp-json\/wp\/v2\/pages"}],"about":[{"href":"https:\/\/www.limoncello.com\/de\/wp-json\/wp\/v2\/types\/page"}],"author":[{"embeddable":true,"href":"https:\/\/www.limoncello.com\/de\/wp-json\/wp\/v2\/users\/7"}],"replies":[{"embeddable":true,"href":"https:\/\/www.limoncello.com\/de\/wp-json\/wp\/v2\/comments?post=3040"}],"version-history":[{"count":3,"href":"https:\/\/www.limoncello.com\/de\/wp-json\/wp\/v2\/pages\/3040\/revisions"}],"predecessor-version":[{"id":3065,"href":"https:\/\/www.limoncello.com\/de\/wp-json\/wp\/v2\/pages\/3040\/revisions\/3065"}],"wp:attachment":[{"href":"https:\/\/www.limoncello.com\/de\/wp-json\/wp\/v2\/media?parent=3040"}],"curies":[{"name":"wp","href":"https:\/\/api.w.org\/{rel}","templated":true}]}}